{"id":3289,"date":"2016-08-05T17:43:20","date_gmt":"2016-08-05T15:43:20","guid":{"rendered":"https:\/\/jlm-guides.de\/exporeal21-ms\/?page_id=3289"},"modified":"2021-06-08T11:42:21","modified_gmt":"2021-06-08T09:42:21","slug":"datenschutz","status":"publish","type":"page","link":"https:\/\/jlm-guides.de\/exporeal21-ms\/datenschutz\/","title":{"rendered":"Datenschutz"},"content":{"rendered":"<p><strong>Hinweise zum Datenschutz<\/strong><\/p>\n<p>jl.medien GmbH freut sich \u00fcber Ihren Besuch auf unserer Webseite sowie \u00fcber Ihr Interesse an unserem Unternehmen und unseren Produkten. Wir nehmen den Schutz Ihrer privaten Daten ernst und m\u00f6chten, dass Sie sich beim Besuch unserer Internet-Seiten wohlf\u00fchlen. Der Schutz Ihrer Privatsph\u00e4re bei der Verarbeitung pers\u00f6nlicher Daten ist uns ein wichtiges Anliegen, das wir bei unseren Gesch\u00e4ftsprozessen ber\u00fccksichtigen. Deshalb ist das Einhalten der gesetzlichen Bestimmungen zum Datenschutz f\u00fcr uns selbstverst\u00e4ndlich. Unsere Mitarbeiterinnen und Mitarbeiter sind auf das Datengeheimnis verpflichtet und werden regelm\u00e4\u00dfig auf den Gebieten des Datenschutzes und der Datensicherheit geschult. Im Folgenden m\u00f6chten wir Ihnen kurz darstellen, wie wir Ihre Daten sch\u00fctzen und was es f\u00fcr Sie bedeutet, wenn Sie unsere Online-Angebote nutzen.<\/p>\n<p><strong><span class=\"customer_schrift_blau\">Verantwortliche Stelle:<\/span><\/strong><br \/>\njl.medien GmbH<br \/>\nInselkammerstr. 5<br \/>\n82008 Unterhaching<\/p>\n<p>Telefon: +49 89 666166-0<br \/>\nE-Mail: datenschutz@jl-medien.de<\/p>\n<p>Gesch\u00e4ftsf\u00fchrer: J\u00fcrgen L\u00e4ufer<br \/>\nAmtsgericht M\u00fcnchen HRB 257321<\/p>\n<p><strong><span class=\"customer_schrift_blau\">Kontaktdaten des Datenschutzbeauftragten:<\/span><\/strong><br \/>\ndatenschutzbeauftragter@datenschutzexperte.de<br \/>\nwww.datenschutzexperte.de<\/p>\n<p><strong><span class=\"customer_schrift_blau\">Zugriffsdaten<\/span><\/strong><br \/>\nDurch den Aufruf unserer Internetseiten erh\u00e4lt jl.medien GmbH Zugriffsdaten, die f\u00fcr Sicherungszwecke gespeichert werden und grunds\u00e4tzlich eine Identifizierung zulassen:<\/p>\n<ul style=\"list-style-type: square; padding-left: 20px; padding-bottom: 20px; color: #000000;\">\n<li>den Namen Ihres Internet Service Providers<\/li>\n<li>das Land aus dem Sie kommen<\/li>\n<li>die Website, von der aus Sie uns besuchen<\/li>\n<li>den Suchbegriff, wenn Sie \u00fcber eine Suchmaschine zu unserer Seite kommen<\/li>\n<li>die Websites, die Sie bei uns besuchen<\/li>\n<li>das Nutzerwerkzeug (Webbrowser, Betriebssystem), mit dem Sie zugegriffen haben<\/li>\n<li>Dateien, die Sie von unserer Seite heruntergeladen haben (z.B. PDF- oder Word-Dokumente)<\/li>\n<li>die Dauer sowie<\/li>\n<li>das Datum und die Uhrzeit des Besuches<\/li>\n<\/ul>\n<p>Diese Daten werden von jl.medien GmbH ausgewertet und erm\u00f6glichen uns, unsere Angebote insgesamt zu optimieren und die Inhalte konkret f\u00fcr Sie pers\u00f6nlicher zu gestalten, z. B. Sie als erneuten Besucher unseres Internetangebots zu erkennen. Verf\u00fcgen Sie \u00fcber einen bestehenden Datensatz, k\u00f6nnen die neuen Daten in vielen F\u00e4llen diesem zugeordnet werden.<\/p>\n<p><strong><span class=\"customer_schrift_blau\">Personenbezogene Daten<\/span><\/strong><br \/>\nPersonenbezogene Daten sind Informationen, die explizit genutzt werden, um Ihre Identit\u00e4t festzustellen. Darunter fallen Informationen wie z.B. Ihr Name, Ihre Post- oder E-Mail-Adresse. Personenbezogene Daten werden von uns zus\u00e4tzlich zu den Zugriffsdaten nur dann gespeichert, wenn Sie uns diese freiwillig, z.B. im Rahmen einer Registrierung, einer Umfrage, eines Preisausschreibens, einer Kontaktanfrage, einer Anmeldung zu einem Newsletter oder zur Durchf\u00fchrung einer Onlinebestellung angeben. Personenbezogene Daten werden zudem nur im erforderlichen Umfang und nur zu dem von Ihnen eingewilligten bzw. rechtlich zul\u00e4ssigen Zweck verwendet. F\u00fcr die gesicherte \u00dcbertragung Ihrer Daten verwendet jl.medien GmbH in gesicherten Bereichen Verschl\u00fcsselungsverfahren. Das hei\u00dft, dass die Kommunikation zwischen Ihrem Browser und z.B. unserem Bestellsystem f\u00fcr andere im Internet nicht lesbar ist. Alle Daten werden nur auf besonders gesch\u00fctzten Servern von jl.medien GmbH in Deutschland der EU gespeichert. Die Nutzung unseres Bestellsystems gilt im \u00dcbrigen als Zustimmung zur Speicherung und Nutzung Ihrer Daten seitens der jl.medien GmbH und ihrer Partner.<\/p>\n<p><strong><span class=\"customer_schrift_blau\">Weitergabe personenbezogener Daten an Dritte<\/span><\/strong><br \/>\njl.medien GmbH erbringt ihre Dienstleistungen auch zusammen mit ausgew\u00e4hlten Partnern. Sie unterliegen denselben strengen datenschutzrechtlichen Bestimmungen und sind zudem in das Datenschutzkonzept von jl.medien GmbH eingebunden. Eine Weitergabe personenbezogener Daten erfolgt ausschlie\u00dflich<\/p>\n<ul style=\"list-style-type: square; padding-left: 20px; padding-bottom: 20px; color: #000000;\">\n<li>bei im Rahmen der Auftragsdatenverarbeitung wie z.B. Online-Bestellungen<\/li>\n<li>im Einzelfall, wenn Sie zuvor zugestimmt haben<\/li>\n<\/ul>\n<p>Weitere Informationen, wie z.B. freiwillig gemachte Angaben zu Interessensschwerpunkten, werden von jl.medien GmbH nicht an Dritte weitergegeben. An staatliche Einrichtungen und Beh\u00f6rden werden personenbezogene Daten nur im Rahmen gesetzlicher oder gerichtlicher Verpflichtungen \u00fcbermittelt.<\/p>\n<p><strong><span class=\"customer_schrift_blau\">Wahlm\u00f6glichkeit<\/span><\/strong><br \/>\nWir m\u00f6chten Ihre Daten dazu nutzen, Sie \u00fcber unsere Produkte und Dienstleistungen informieren zu k\u00f6nnen und Sie gegebenenfalls hier\u00fcber zu befragen. Selbstverst\u00e4ndlich ist die Teilnahme an solchen Aktionen freiwillig. Falls Sie hiermit nicht einverstanden sein sollten, k\u00f6nnen Sie uns dies jederzeit mitteilen, damit wir die Daten entsprechend sperren k\u00f6nnen.<\/p>\n<p><strong><span class=\"customer_schrift_blau\">Cookies<\/span><\/strong><br \/>\njl.medien GmbH verwendet Cookies, um Pr\u00e4ferenzen der Besucher verfolgen und die Webseiten entsprechend optimal gestalten zu k\u00f6nnen. Cookies sind kleine Dateien, die tempor\u00e4r auf Ihrer Festplatte abgelegt werden. Die in Cookies enthaltenen Informationen dienen der Erleichterung der Navigation und erm\u00f6glichen ein hohes Ma\u00df an Benutzerfreundlichkeit einer Webseite. Nat\u00fcrlich k\u00f6nnen Sie unsere Webseite auch ohne Cookies betrachten. Unsere Cookies enthalten keine personenspezifischen Informationen, so dass Ihre Privatsph\u00e4re gesch\u00fctzt ist. Die meisten Browser akzeptieren Cookies automatisch. Sie k\u00f6nnen das Speichern von Cookies auf Ihrer Festplatte verhindern, indem Sie in Ihren Browser-Einstellungen *keine Cookies akzeptieren* w\u00e4hlen. Wie das im einzelnen funktioniert, entnehmen Sie bitte der Anleitung Ihres Browser-Herstellers. Wenn Sie keine Cookies akzeptieren, kann dieses aber zu Funktionseinschr\u00e4nkungen unserer Angebote f\u00fchren.<\/p>\n<p><strong><span class=\"customer_schrift_blau\">Sicherheit<\/span><\/strong><br \/>\njl.medien GmbH setzt technische und organisatorische Sicherheitsma\u00dfnahmen ein, um Ihre durch uns verwalteten Daten gegen zuf\u00e4llige oder vors\u00e4tzliche Manipulationen, Verlust, Zerst\u00f6rung oder gegen den Zugriff unberechtigter Personen zu sch\u00fctzen. Unsere Sicherheitsma\u00dfnahmen werden entsprechend der technologischen Entwicklung fortlaufend verbessert.<\/p>\n<p><strong><span class=\"customer_schrift_blau\">Dauer der Speicherung personenbezogener Daten<\/span><\/strong><br \/>\nDie personenbezogenen Daten werden im Falle des Widerrufs Ihrer Einwilligung oder wenn der Zweck der Datennutzung fortgefallen ist, unverz\u00fcglich gel\u00f6scht.<br \/>\nDie Dauer der Speicherung von personenbezogenen Daten bemisst sich anhand der jeweiligen gesetzlichen Aufbewahrungsfrist. Nach Ablauf der Frist werden die entsprechenden Daten routinem\u00e4\u00dfig gel\u00f6scht, sofern sie nicht mehr zur Vertragserf\u00fcllung oder Vertragsanbahnung erforderlich sind und \/ oder unsererseits kein berechtigtes Interesse an der Weiterspeicherung fortbesteht.<\/p>\n<p><strong><span class=\"customer_schrift_blau\">Auskunftsrecht \/ Recht auf Widerruf<\/span><\/strong><br \/>\nAuf Anforderung teilt Ihnen jl.medien GmbH m\u00f6glichst umgehend schriftlich entsprechend des geltenden Rechts mit, ob und welche pers\u00f6nlichen Daten \u00fcber Sie bei uns gespeichert sind. Sind Sie als Nutzer registriert, bieten wir Ihnen auch die M\u00f6glichkeit, die Daten selbst zu sehen und gegebenenfalls zu l\u00f6schen oder zu \u00e4ndern. Wenn Sie jl.medien GmbH schriftlich auffordern, Ihre personenbezogenen Daten zu berichtigen, nicht weiter zu verwenden oder zu l\u00f6schen, werden wir dies selbstverst\u00e4ndlich unverz\u00fcglich durchf\u00fchren. Sollten trotz unserer Bem\u00fchungen um Datenrichtigkeit und Aktualit\u00e4t falsche Informationen gespeichert sein, werden wir diese auf Ihre Aufforderung hin berichtigen.<\/p>\n<style type=\"text\/css\">\niframe#iframe{<br \/>\n     font-size: 110%;<br \/>\n}<br \/>\n<\/style>\n<p><strong><span class=\"customer_schrift_blau\">Webtracking<\/span><\/strong><br \/>\nAuf dieser Website werden Daten mit Hilfe von Matomo durch eingesetzte Cookies gesammelt und gespeichert. Die IP-Adresse wird sofort nach der Verarbeitung und vor deren Speicherung anonymisiert. Sie k\u00f6nnen einer Datenerhebung und -speicherung jederzeit mit Wirkung f\u00fcr die Zukunft widersprechen.<br \/>\n<iframe loading=\"lazy\" id=\"iframe\" style=\"border: 0; width: 100%; font-family: Helvetica,\u200bArial,\u200bsans-serif; font-size: 16px;\" src=\"https:\/\/www.jlm-muenchen.de\/matomo\/index.php?module=CoreAdminHome&amp;action=optOut&amp;language=de&amp;fontFamily=Helvetica%2CArial%2Csans-serif&amp;fontSize=16px\" name=\"log\" width=\"300\" height=\"150\"><\/iframe><\/p>\n<p><strong><span class=\"customer_schrift_blau\">Links<\/span><\/strong><br \/>\nDie Webseiten von jl.medien GmbH enthalten z.T. Links bzw. Verkn\u00fcpfungen zu anderen Webseiten. Diese unmittelbaren Links werden von uns mit zumutbarer Sorgfalt gepr\u00fcft. jl.medien GmbH ist f\u00fcr die Inhalte von Webseiten, auf die wir verlinken, nicht verantwortlich. jl.medien GmbH ist zudem nicht verantwortlich f\u00fcr die Inhalte von Webseiten, die auf uns verweisen.<\/p>\n<p>Unterhaching, Juni 2021<\/p>\n","protected":false},"excerpt":{"rendered":"<p>Hinweise zum Datenschutz jl.medien GmbH freut sich \u00fcber Ihren Besuch auf unserer Webseite sowie \u00fcber Ihr Interesse an unserem Unternehmen und unseren Produkten. Wir nehmen den Schutz Ihrer privaten Daten ernst und m\u00f6chten, dass Sie sich beim Besuch unserer Internet-Seiten wohlf\u00fchlen. Der Schutz Ihrer Privatsph\u00e4re bei der Verarbeitung pers\u00f6nlicher Daten ist uns ein wichtiges Anliegen, [&hellip;]<\/p>\n","protected":false},"author":1,"featured_media":0,"parent":0,"menu_order":5,"comment_status":"closed","ping_status":"closed","template":"","meta":[],"_links":{"self":[{"href":"https:\/\/jlm-guides.de\/exporeal21-ms\/wp-json\/wp\/v2\/pages\/3289"}],"collection":[{"href":"https:\/\/jlm-guides.de\/exporeal21-ms\/wp-json\/wp\/v2\/pages"}],"about":[{"href":"https:\/\/jlm-guides.de\/exporeal21-ms\/wp-json\/wp\/v2\/types\/page"}],"author":[{"embeddable":true,"href":"https:\/\/jlm-guides.de\/exporeal21-ms\/wp-json\/wp\/v2\/users\/1"}],"replies":[{"embeddable":true,"href":"https:\/\/jlm-guides.de\/exporeal21-ms\/wp-json\/wp\/v2\/comments?post=3289"}],"version-history":[{"count":20,"href":"https:\/\/jlm-guides.de\/exporeal21-ms\/wp-json\/wp\/v2\/pages\/3289\/revisions"}],"predecessor-version":[{"id":5987,"href":"https:\/\/jlm-guides.de\/exporeal21-ms\/wp-json\/wp\/v2\/pages\/3289\/revisions\/5987"}],"wp:attachment":[{"href":"https:\/\/jlm-guides.de\/exporeal21-ms\/wp-json\/wp\/v2\/media?parent=3289"}],"curies":[{"name":"wp","href":"https:\/\/api.w.org\/{rel}","templated":true}]}}