{"id":3285,"date":"2020-07-08T14:03:43","date_gmt":"2020-07-08T12:03:43","guid":{"rendered":"https:\/\/jlm-guides.de\/electronica22\/?page_id=3285"},"modified":"2022-06-15T08:58:04","modified_gmt":"2022-06-15T06:58:04","slug":"impressum","status":"publish","type":"page","link":"https:\/\/jlm-guides.de\/electronica22\/impressum\/","title":{"rendered":"Impressum"},"content":{"rendered":"<p><strong>Anbieter<\/strong><br \/>\njl.medien GmbH,<br \/>\nvertreten durch den Gesch\u00e4ftsf\u00fchrer J\u00fcrgen L\u00e4ufer<\/p>\n<p><strong>Anschrift<\/strong><br \/>\nInselkammerstr. 5<br \/>\n82008 Unterhaching<br \/>\nDeutschland<br \/>\nTel. +49 89 666166-0<br \/>\nFax +49 89 666166-19<br \/>\n<a href=\"mailto:info@jl-medien.de\">info@jl-medien.de<\/a><\/p>\n<p><strong>Registereintrag<\/strong><br \/>\nAmtsgericht M\u00fcnchen HRB 257321<\/p>\n<p><strong>Umsatzsteuer-Identifikationsnummer<\/strong><br \/>\nUSt-ID-Nr.: DE332488995<\/p>\n<p><strong>Steuer-Nummer<\/strong><br \/>\n145\/160\/80117<\/p>\n<p><strong>Haftung und Gew\u00e4hrleistung<\/strong><br \/>\nDie Informationen auf diesen Webseiten stellt jl.medien GmbH ohne jegliche Zusicherung oder Gew\u00e4hrleistung jedweder Art, sei sie ausdr\u00fccklich oder stillschweigend, zur Verf\u00fcgung. Ausgeschlossen sind auch alle stillschweigenden Gew\u00e4hrleistungen betreffend die Handelsf\u00e4higkeit, die Eignung f\u00fcr bestimmte Zwecke oder den Nichtversto\u00df gegen Gesetze und Patente. Auch wenn wir davon ausgehen, dass die von uns gegebenen Informationen zutreffend sind, k\u00f6nnen sie dennoch Fehler oder Ungenauigkeiten enthalten.<\/p>\n<p><strong>Externe Verweise und Links<\/strong><br \/>\nDie Webseiten von jl.medien GmbH enthalten z.T. Links bzw. Verkn\u00fcpfungen zu anderen Webseiten. Diese unmittelbaren Links werden von uns mit zumutbarer Sorgfalt gepr\u00fcft jl.medien GmbH ist f\u00fcr die Inhalte von Webseiten, auf die wir verlinken, nicht verantwortlich. jl.medien GmbH ist zudem nicht verantwortlich f\u00fcr die Inhalte von Webseiten, die auf uns verweisen. Mit Urteil vom 12. Mai 1998 hat das LG Hamburg entschieden, dass man durch die Ausbringung eines Links die Inhalte der gelinkten Seite ggf. mit zu verantworten hat. Dies kann, so das LG, nur dadurch verhindert werden, dass man sich ausdr\u00fccklich von diesen Inhalten distanziert. Wir haben auf unseren Seiten Links zu Seiten im Internet gelegt, deren Inhalt und Aktualisierung nicht dem Einflussbereich von jl.medien GmbH unterliegen. F\u00fcr alle diese Links gilt: \u201ejl.medien GmbH hat keinen Einfluss auf Gestaltung und Inhalte fremder Internetseiten. jl.medien GmbH distanziert sich daher von allen fremden Inhalten, auch wenn von Seiten von jl.medien GmbH auf diese externe Seiten ein Link gesetzt wurde.\u201d Diese Erkl\u00e4rung gilt f\u00fcr alle auf diesen Webseiten angezeigten Links und f\u00fcr alle Inhalte der Seiten, zu denen die bei uns angemeldeten Links f\u00fchren.<\/p>\n<p><strong>Urheberrecht<\/strong><br \/>\nCopyright 2020 jl.medien GmbH<br \/>\nAlle Rechte vorbehalten. Alle Texte, Bilder, Graphiken, Ton-, Video- und Animationsdateien sowie ihre Arrangements unterliegen dem Urheberrecht und anderen Gesetzen zum Schutz geistigen Eigentums. Sie d\u00fcrfen weder f\u00fcr Handelszwecke oder zur Weitergabe kopiert, noch ver\u00e4ndert und auf anderen Webseiten verwendet werden.<\/p>\n<p>Unterhaching, Juni 2022<\/p>\n","protected":false},"excerpt":{"rendered":"<p>Anbieter jl.medien GmbH, vertreten durch den Gesch\u00e4ftsf\u00fchrer J\u00fcrgen L\u00e4ufer Anschrift Inselkammerstr. 5 82008 Unterhaching Deutschland Tel. +49 89 666166-0 Fax +49 89 666166-19 info@jl-medien.de Registereintrag Amtsgericht M\u00fcnchen HRB 257321 Umsatzsteuer-Identifikationsnummer USt-ID-Nr.: DE332488995 Steuer-Nummer 145\/160\/80117 Haftung und Gew\u00e4hrleistung Die Informationen auf diesen Webseiten stellt jl.medien GmbH ohne jegliche Zusicherung oder Gew\u00e4hrleistung jedweder Art, sei sie ausdr\u00fccklich [&hellip;]<\/p>\n","protected":false},"author":1,"featured_media":0,"parent":0,"menu_order":0,"comment_status":"closed","ping_status":"closed","template":"","meta":[],"_links":{"self":[{"href":"https:\/\/jlm-guides.de\/electronica22\/wp-json\/wp\/v2\/pages\/3285"}],"collection":[{"href":"https:\/\/jlm-guides.de\/electronica22\/wp-json\/wp\/v2\/pages"}],"about":[{"href":"https:\/\/jlm-guides.de\/electronica22\/wp-json\/wp\/v2\/types\/page"}],"author":[{"embeddable":true,"href":"https:\/\/jlm-guides.de\/electronica22\/wp-json\/wp\/v2\/users\/1"}],"replies":[{"embeddable":true,"href":"https:\/\/jlm-guides.de\/electronica22\/wp-json\/wp\/v2\/comments?post=3285"}],"version-history":[{"count":49,"href":"https:\/\/jlm-guides.de\/electronica22\/wp-json\/wp\/v2\/pages\/3285\/revisions"}],"predecessor-version":[{"id":7277,"href":"https:\/\/jlm-guides.de\/electronica22\/wp-json\/wp\/v2\/pages\/3285\/revisions\/7277"}],"wp:attachment":[{"href":"https:\/\/jlm-guides.de\/electronica22\/wp-json\/wp\/v2\/media?parent=3285"}],"curies":[{"name":"wp","href":"https:\/\/api.w.org\/{rel}","templated":true}]}}